{"id":8,"date":"2024-10-23T09:43:36","date_gmt":"2024-10-23T09:43:36","guid":{"rendered":"https:\/\/upload.urologenzentrum.at\/?page_id=8"},"modified":"2024-10-23T12:36:00","modified_gmt":"2024-10-23T12:36:00","slug":"uploadportal","status":"publish","type":"page","link":"https:\/\/upload.urologenzentrum.at\/","title":{"rendered":"Befunde hochladen"},"content":{"rendered":"\n<div class=\"wpcf7 no-js\" id=\"wpcf7-f22-o1\" lang=\"de-AT\" dir=\"ltr\" data-wpcf7-id=\"22\">\n<div class=\"screen-reader-response\"><p role=\"status\" aria-live=\"polite\" aria-atomic=\"true\"><\/p> <ul><\/ul><\/div>\n<form action=\"\/index.php?rest_route=%2Fwp%2Fv2%2Fpages%2F8#wpcf7-f22-o1\" method=\"post\" class=\"wpcf7-form init\" aria-label=\"Contact form\" enctype=\"multipart\/form-data\" novalidate=\"novalidate\" data-status=\"init\">\n<fieldset class=\"hidden-fields-container\"><input type=\"hidden\" name=\"_wpcf7\" value=\"22\" \/><input type=\"hidden\" name=\"_wpcf7_version\" value=\"6.1.5\" \/><input type=\"hidden\" name=\"_wpcf7_locale\" value=\"de_AT\" \/><input type=\"hidden\" name=\"_wpcf7_unit_tag\" value=\"wpcf7-f22-o1\" \/><input type=\"hidden\" name=\"_wpcf7_container_post\" value=\"0\" \/><input type=\"hidden\" name=\"_wpcf7_posted_data_hash\" value=\"\" \/>\n<\/fieldset>\n<p><label> Name<br \/>\n<span class=\"wpcf7-form-control-wrap\" data-name=\"your-name\"><input size=\"40\" maxlength=\"400\" class=\"wpcf7-form-control wpcf7-text wpcf7-validates-as-required\" autocomplete=\"name\" aria-required=\"true\" aria-invalid=\"false\" value=\"\" type=\"text\" name=\"your-name\" \/><\/span> <\/label>\n<\/p>\n<p><label> Versicherungsnummer<br \/>\n<span class=\"wpcf7-form-control-wrap\" data-name=\"your-vnr\"><input size=\"40\" maxlength=\"400\" class=\"wpcf7-form-control wpcf7-text wpcf7-validates-as-required\" autocomplete=\"vnr\" aria-required=\"true\" aria-invalid=\"false\" value=\"\" type=\"text\" name=\"your-vnr\" \/><\/span> <\/label>\n<\/p>\n<p><label> Befund<br \/>\n<div id=\"mfcf7_zl_multifilecontainer\"><span class=\"mfcf7-zl-multiline-sample\" style=\"display:none\"><p class=\"wpcf7-form-control-wrap multilinefile-108\"><input size=\"40\" class=\"wpcf7-form-control wpcf7-multilinefile wpcf7-validates-as-required\" multiple=\"multiple\" value=\"Upload\" aria-required=\"true\" aria-invalid=\"false\" type=\"file\" name=\"multilinefile-108[]\" \/> <span class=\"mfcf7-zl-multifile-name\"><\/span><a href=\"javascript:void(0);\" class=\"mfcf7_zl_delete_file\"><span class=\"delete-file\" aria-hidden=\"true\">&#x274C;<\/span><\/a><\/p><\/span><\/div><span class=\"wpcf7-form-control-wrap zl-form-control-wrap multilinefile-108\"><input size=\"40\" class=\"wpcf7-form-control wpcf7-multilinefile wpcf7-validates-as-required\" multiple=\"multiple\" value=\"Upload\" aria-required=\"true\" aria-invalid=\"false\" type=\"file\" name=\"multilinefile-108[]\" \/> <span class=\"mfcf7-zl-multifile-name\"><\/span><a href=\"javascript:void(0);\" class=\"mfcf7_zl_delete_file\"><span class=\"delete-file\" aria-hidden=\"true\">&#x274C;<\/span><\/a><\/span><p><label><span class=\"wpcf7-form-control-wrap\" data-name=\"multilinefile-108-zl-mfcf7-upld-btn\"><input type=\"button\" name=\"multilinefile-108-zl-mfcf7-upld-btn\" class=\"button button-primary qbutton\" id=\"mfcf7_zl_add_file\" value=\"Upload\"><\/span><\/label><\/p> <\/label><br \/>\n(m\u00f6gliche Dateien: PDF, JPG, PNG mit einer maximalen Dateigr\u00f6\u00dfe von 25 MB - sie k\u00f6nnen mehrere Dateien anf\u00fcgen - einfach nochmals Upload Taste dr\u00fccken)<br \/>\n<label><br \/>\n<span class=\"wpcf7-form-control-wrap\" data-name=\"acceptance-886\"><span class=\"wpcf7-form-control wpcf7-acceptance\"><span class=\"wpcf7-list-item\"><input type=\"checkbox\" name=\"acceptance-886\" value=\"1\" aria-invalid=\"false\" \/><\/span><\/span><\/span> Hiermit best\u00e4tige ich, dass ich die Datenschutzerkl\u00e4rung zur Kenntnis genommen habe. Ich stimme zu, dass meine Angaben und Daten zur Beantwortung meiner Anfrage elektronisch erhoben und gespeichert werden. Beachten Sie: Sie haben jederzeit die M\u00f6glichkeit Ihre Einwilligung f\u00fcr die Zukunft per E-Mail an office@urologenzentrum.at zu widerrufen. <\/label>\n<\/p>\n<p><input class=\"wpcf7-form-control wpcf7-submit has-spinner\" type=\"submit\" value=\"Senden\" \/>\n<\/p><div class=\"wpcf7-response-output\" aria-hidden=\"true\"><\/div>\n<\/form>\n<\/div>\n\n","protected":false},"excerpt":{"rendered":"","protected":false},"author":1,"featured_media":0,"parent":0,"menu_order":0,"comment_status":"closed","ping_status":"closed","template":"","meta":{"footnotes":""},"class_list":["post-8","page","type-page","status-publish"],"_links":{"self":[{"href":"https:\/\/upload.urologenzentrum.at\/index.php?rest_route=\/wp\/v2\/pages\/8","targetHints":{"allow":["GET"]}}],"collection":[{"href":"https:\/\/upload.urologenzentrum.at\/index.php?rest_route=\/wp\/v2\/pages"}],"about":[{"href":"https:\/\/upload.urologenzentrum.at\/index.php?rest_route=\/wp\/v2\/types\/page"}],"author":[{"embeddable":true,"href":"https:\/\/upload.urologenzentrum.at\/index.php?rest_route=\/wp\/v2\/users\/1"}],"replies":[{"embeddable":true,"href":"https:\/\/upload.urologenzentrum.at\/index.php?rest_route=%2Fwp%2Fv2%2Fcomments&post=8"}],"version-history":[{"count":5,"href":"https:\/\/upload.urologenzentrum.at\/index.php?rest_route=\/wp\/v2\/pages\/8\/revisions"}],"predecessor-version":[{"id":24,"href":"https:\/\/upload.urologenzentrum.at\/index.php?rest_route=\/wp\/v2\/pages\/8\/revisions\/24"}],"wp:attachment":[{"href":"https:\/\/upload.urologenzentrum.at\/index.php?rest_route=%2Fwp%2Fv2%2Fmedia&parent=8"}],"curies":[{"name":"wp","href":"https:\/\/api.w.org\/{rel}","templated":true}]}}